{"id":563,"date":"2018-08-17T07:38:02","date_gmt":"2018-08-17T07:38:02","guid":{"rendered":"http:\/\/orchestre-harmonie-saverne.fr\/?page_id=563"},"modified":"2019-04-25T07:26:36","modified_gmt":"2019-04-25T07:26:36","slug":"weepers-circus","status":"publish","type":"page","link":"http:\/\/orchestre-harmonie-saverne.fr\/?page_id=563","title":{"rendered":"Weepers Circus"},"content":{"rendered":"<p><img loading=\"lazy\" decoding=\"async\" class=\"alignnone size-medium wp-image-564\" src=\"http:\/\/orchestre-harmonie-saverne.fr\/wp-content\/uploads\/31723266_729101447214081_2216454955848433664_o-451x300.jpg\" alt=\"\" width=\"451\" height=\"300\" srcset=\"http:\/\/orchestre-harmonie-saverne.fr\/wp-content\/uploads\/31723266_729101447214081_2216454955848433664_o-451x300.jpg 451w, http:\/\/orchestre-harmonie-saverne.fr\/wp-content\/uploads\/31723266_729101447214081_2216454955848433664_o-768x511.jpg 768w, http:\/\/orchestre-harmonie-saverne.fr\/wp-content\/uploads\/31723266_729101447214081_2216454955848433664_o-1024x682.jpg 1024w, http:\/\/orchestre-harmonie-saverne.fr\/wp-content\/uploads\/31723266_729101447214081_2216454955848433664_o.jpg 1920w\" sizes=\"auto, (max-width: 451px) 100vw, 451px\" \/><\/p>\n<p>\u00ab L\u2019Oiseau de Paradis \u00bb<br \/>\nConcert ROCK orph\u00e9onique<br \/>\n23 &amp; 24\/06\/2018<\/p>\n<p>Le Weepers Circus (le cirque des gens qui pleurent) a \u00e9t\u00e9 form\u00e9 \u00e0 Strasbourg par quatre camarades de lyc\u00e9e. \u00c0 ses d\u00e9buts, le groupe est influenc\u00e9 par des artistes rock britanniques (Beatles, Rolling Stones &amp; Led Zeppelin) et am\u00e9ricains (Bob Dylan et Elvis Presley). A la fin des ann\u00e9es 90, le groupe publie ses deux premiers albums, tr\u00e8s influenc\u00e9s par les pays de l\u2019Est, la tradition manouche, yiddish et m\u00e9di\u00e9vale. Pour le nouveau mill\u00e9naire, les donn\u00e9es changent : le groupe signe chez Universal et publie son troisi\u00e8me album \u00ab\u00a0L\u2019ombre et la demoiselle\u00a0\u00bb Cet album marque un tournant parce qu\u2019il exprime avec clart\u00e9 les influences d\u2019un Brel, d\u2019un Brassens ou d\u2019un Vian. En 2001, un cinqui\u00e8me membre \u2013 Gouleck \u2013 s\u2019ajoute \u00e0 l\u2019aventure en y introduisant la batterie : cet ajout marque l\u2019influence croissante du rock dans les futures orientations des musiciens. En 2007, Christian Houll\u00e9 rejoint le groupe au clavier, et am\u00e8ne avec lui ses influences \u00e9lectroniques. En constante \u00e9volution et toujours en recherche d&rsquo;innovations, le groupe publie, en 2011, un album sous forme de livre-disque. En plus d&rsquo;une musique qui va du rock au trip-hop, on y d\u00e9couvre de nombreuses illustrations ainsi qu&rsquo;une quarantaine de textes, inspir\u00e9s du titre de l&rsquo;album (N&rsquo;importe o\u00f9 hors du monde). En 2015 parait son dernier opus tout public, \u00ab\u00a0Plan\u00e8te des Songes\u00a0\u00bb. Au-del\u00e0 du jeu de mots, c&rsquo;est tout un monde qui attend l&rsquo;auditeur : Un monde o\u00f9 le r\u00eave et la r\u00e9alit\u00e9 se c\u00f4toient en musique et en couleur. Le Weepers Circus s&rsquo;y renouvelle tout en restant fid\u00e8le \u00e0 ses racines. Depuis 2018, le Weepers Circus est devenu un collectif des 4 membres, o\u00f9 chacun prend la parole. Le Weepers Circus a toujours eu \u00e0 c\u0153ur de coop\u00e9rer avec des artistes d&rsquo;horizons divers. Ainsi, son parcours est jalonn\u00e9 de rencontres et de collaborations. R\u00e9solument un groupe de sc\u00e8ne, le Weepers Circus compte plus de 1000 concerts en France mais aussi \u00e0 l&rsquo;\u00e9tranger (Allemagne, Belgique, Luxembourg, Suisse, Lettonie, Croatie, Bosnie&#8230;)<br \/>\n<img loading=\"lazy\" decoding=\"async\" class=\"alignnone size-medium wp-image-565\" src=\"http:\/\/orchestre-harmonie-saverne.fr\/wp-content\/uploads\/IMG7944-453x300.jpg\" alt=\"\" width=\"453\" height=\"300\" srcset=\"http:\/\/orchestre-harmonie-saverne.fr\/wp-content\/uploads\/IMG7944-453x300.jpg 453w, http:\/\/orchestre-harmonie-saverne.fr\/wp-content\/uploads\/IMG7944-768x509.jpg 768w, http:\/\/orchestre-harmonie-saverne.fr\/wp-content\/uploads\/IMG7944-1024x678.jpg 1024w\" sizes=\"auto, (max-width: 453px) 100vw, 453px\" \/><\/p>\n","protected":false},"excerpt":{"rendered":"<p>\u00ab L\u2019Oiseau de Paradis \u00bb Concert ROCK orph\u00e9onique 23 &amp; 24\/06\/2018 Le Weepers Circus (le cirque des gens qui pleurent) a \u00e9t\u00e9 form\u00e9 \u00e0 Strasbourg par quatre camarades de lyc\u00e9e. \u00c0 ses d\u00e9buts, le groupe est influenc\u00e9 par des artistes rock britanniques (Beatles, Rolling Stones &amp; Led Zeppelin) et am\u00e9ricains (Bob Dylan et Elvis Presley). &hellip; <\/p>\n<p class=\"link-more\"><a href=\"http:\/\/orchestre-harmonie-saverne.fr\/?page_id=563\" class=\"more-link\">Continuer la lecture<span class=\"screen-reader-text\"> de &laquo;&nbsp;Weepers Circus&nbsp;&raquo;<\/span><\/a><\/p>\n","protected":false},"author":1,"featured_media":0,"parent":79,"menu_order":15,"comment_status":"closed","ping_status":"closed","template":"","meta":{"footnotes":""},"class_list":["post-563","page","type-page","status-publish","hentry"],"_links":{"self":[{"href":"http:\/\/orchestre-harmonie-saverne.fr\/index.php?rest_route=\/wp\/v2\/pages\/563","targetHints":{"allow":["GET"]}}],"collection":[{"href":"http:\/\/orchestre-harmonie-saverne.fr\/index.php?rest_route=\/wp\/v2\/pages"}],"about":[{"href":"http:\/\/orchestre-harmonie-saverne.fr\/index.php?rest_route=\/wp\/v2\/types\/page"}],"author":[{"embeddable":true,"href":"http:\/\/orchestre-harmonie-saverne.fr\/index.php?rest_route=\/wp\/v2\/users\/1"}],"replies":[{"embeddable":true,"href":"http:\/\/orchestre-harmonie-saverne.fr\/index.php?rest_route=%2Fwp%2Fv2%2Fcomments&post=563"}],"version-history":[{"count":1,"href":"http:\/\/orchestre-harmonie-saverne.fr\/index.php?rest_route=\/wp\/v2\/pages\/563\/revisions"}],"predecessor-version":[{"id":566,"href":"http:\/\/orchestre-harmonie-saverne.fr\/index.php?rest_route=\/wp\/v2\/pages\/563\/revisions\/566"}],"up":[{"embeddable":true,"href":"http:\/\/orchestre-harmonie-saverne.fr\/index.php?rest_route=\/wp\/v2\/pages\/79"}],"wp:attachment":[{"href":"http:\/\/orchestre-harmonie-saverne.fr\/index.php?rest_route=%2Fwp%2Fv2%2Fmedia&parent=563"}],"curies":[{"name":"wp","href":"https:\/\/api.w.org\/{rel}","templated":true}]}}